{"id":41,"date":"2023-03-09T10:28:20","date_gmt":"2023-03-09T10:28:20","guid":{"rendered":"https:\/\/thalion-benelux.com\/?page_id=41"},"modified":"2023-03-27T09:01:40","modified_gmt":"2023-03-27T09:01:40","slug":"home","status":"publish","type":"page","link":"https:\/\/thalion-benelux.com\/de\/","title":{"rendered":"Heim"},"content":{"rendered":"<div data-elementor-type=\"wp-page\" data-elementor-id=\"41\" class=\"elementor elementor-41\" data-elementor-post-type=\"page\">\n\t\t\t\t<div class=\"elementor-element elementor-element-20d7699 e-flex e-con-boxed e-con e-parent\" data-id=\"20d7699\" data-element_type=\"container\" data-e-type=\"container\" data-settings=\"{&quot;background_background&quot;:&quot;classic&quot;}\">\n\t\t\t\t\t<div class=\"e-con-inner\">\n\t\t<div class=\"elementor-element elementor-element-c74142c e-con-full e-flex e-con e-child\" data-id=\"c74142c\" data-element_type=\"container\" data-e-type=\"container\">\n\t\t\t\t<div class=\"elementor-element elementor-element-e4b85e0 elementor-widget elementor-widget-heading\" data-id=\"e4b85e0\" data-element_type=\"widget\" data-e-type=\"widget\" data-widget_type=\"heading.default\">\n\t\t\t\t<div class=\"elementor-widget-container\">\n\t\t\t\t\t<h2 class=\"elementor-heading-title elementor-size-default\">Sch\u00f6nheit aus dem Herzen der Algen<br>\n-<br>\nCr\u00e9ateur de Cosm\u00e9tique marine<\/h2>\t\t\t\t<\/div>\n\t\t\t\t<\/div>\n\t\t\t\t<div class=\"elementor-element elementor-element-157d366 elementor-widget elementor-widget-text-editor\" data-id=\"157d366\" data-element_type=\"widget\" data-e-type=\"widget\" data-widget_type=\"text-editor.default\">\n\t\t\t\t<div class=\"elementor-widget-container\">\n\t\t\t\t\t\t\t\t\t<p>Hautpflege auf Algenbasis,<br \/>die nat\u00fcrliche Art, Ihre Haut zu pflegen.<\/p>\t\t\t\t\t\t\t\t<\/div>\n\t\t\t\t<\/div>\n\t\t\t\t<\/div>\n\t\t\t\t\t<\/div>\n\t\t\t\t<\/div>\n\t\t<div class=\"elementor-element elementor-element-25bc5b0c e-flex e-con-boxed e-con e-parent\" data-id=\"25bc5b0c\" data-element_type=\"container\" data-e-type=\"container\">\n\t\t\t\t\t<div class=\"e-con-inner\">\n\t\t<div class=\"elementor-element elementor-element-7af7642f e-flex e-con-boxed e-con e-child\" data-id=\"7af7642f\" data-element_type=\"container\" data-e-type=\"container\">\n\t\t\t\t\t<div class=\"e-con-inner\">\n\t\t<div class=\"elementor-element elementor-element-1a1b99f0 e-con-full e-flex e-con e-child\" data-id=\"1a1b99f0\" data-element_type=\"container\" data-e-type=\"container\" data-settings=\"{&quot;background_background&quot;:&quot;classic&quot;}\">\n\t\t<div class=\"elementor-element elementor-element-2c3a06b1 e-flex e-con-boxed e-con e-child\" data-id=\"2c3a06b1\" data-element_type=\"container\" data-e-type=\"container\" data-settings=\"{&quot;background_background&quot;:&quot;classic&quot;}\">\n\t\t\t\t\t<div class=\"e-con-inner\">\n\t\t<div class=\"elementor-element elementor-element-66b7f710 e-con-full e-flex e-con e-child\" data-id=\"66b7f710\" data-element_type=\"container\" data-e-type=\"container\">\n\t\t\t\t<div class=\"elementor-element elementor-element-7da838aa elementor-widget-laptop__width-initial elementor-widget elementor-widget-heading\" data-id=\"7da838aa\" data-element_type=\"widget\" data-e-type=\"widget\" data-widget_type=\"heading.default\">\n\t\t\t\t<div class=\"elementor-widget-container\">\n\t\t\t\t\t<h2 class=\"elementor-heading-title elementor-size-default\">Undaria pinnatifida<\/h2>\t\t\t\t<\/div>\n\t\t\t\t<\/div>\n\t\t\t\t<div class=\"elementor-element elementor-element-689a542 elementor-widget elementor-widget-image\" data-id=\"689a542\" data-element_type=\"widget\" data-e-type=\"widget\" data-widget_type=\"image.default\">\n\t\t\t\t<div class=\"elementor-widget-container\">\n\t\t\t\t\t\t\t\t\t\t\t\t\t\t\t<img fetchpriority=\"high\" decoding=\"async\" width=\"800\" height=\"600\" src=\"https:\/\/thalion-benelux.com\/wp-content\/uploads\/beeld-wakame-1024x768.png\" class=\"attachment-large size-large wp-image-352\" alt=\"\" srcset=\"https:\/\/thalion-benelux.com\/wp-content\/uploads\/beeld-wakame-1024x768.png 1024w, https:\/\/thalion-benelux.com\/wp-content\/uploads\/beeld-wakame-300x225.png 300w, https:\/\/thalion-benelux.com\/wp-content\/uploads\/beeld-wakame-768x576.png 768w, https:\/\/thalion-benelux.com\/wp-content\/uploads\/beeld-wakame.png 1080w\" sizes=\"(max-width: 800px) 100vw, 800px\" \/>\t\t\t\t\t\t\t\t\t\t\t\t\t\t\t<\/div>\n\t\t\t\t<\/div>\n\t\t\t\t<div class=\"elementor-element elementor-element-ba3869b elementor-widget__width-inherit elementor-hidden-mobile elementor-widget elementor-widget-text-editor\" data-id=\"ba3869b\" data-element_type=\"widget\" data-e-type=\"widget\" data-widget_type=\"text-editor.default\">\n\t\t\t\t<div class=\"elementor-widget-container\">\n\t\t\t\t\t\t\t\t\t<p>Dass sich Ihre Haut nach einem Tag am Meer bessert, wussten Sie bereits .Die Thalion-Produkte werden aus allerlei Wirkstoffen von Meeresalgen und Meerespflanzen hergestellt, um Ihren Hautzustand zu verbessern.<\/p>\t\t\t\t\t\t\t\t<\/div>\n\t\t\t\t<\/div>\n\t\t\t\t<\/div>\n\t\t\t\t\t<\/div>\n\t\t\t\t<\/div>\n\t\t\t\t<\/div>\n\t\t<div class=\"elementor-element elementor-element-30ebf931 e-con-full e-flex e-con e-child\" data-id=\"30ebf931\" data-element_type=\"container\" data-e-type=\"container\">\n\t\t<div class=\"elementor-element elementor-element-21f40303 e-flex e-con-boxed e-con e-child\" data-id=\"21f40303\" data-element_type=\"container\" data-e-type=\"container\">\n\t\t\t\t\t<div class=\"e-con-inner\">\n\t\t\t\t<div class=\"elementor-element elementor-element-8addb1c elementor-widget elementor-widget-text-editor\" data-id=\"8addb1c\" data-element_type=\"widget\" data-e-type=\"widget\" data-widget_type=\"text-editor.default\">\n\t\t\t\t<div class=\"elementor-widget-container\">\n\t\t\t\t\t\t\t\t\t<h2>Thalion Algolift<\/h2><p>Inspiriert von der St\u00e4rke, Widerstandsf\u00e4higkeit und au\u00dfergew\u00f6hnlichen Anpassungsf\u00e4higkeit von Algen hat Thalion diese Algolift-Linie entwickelt. Die Linie f\u00fcr sichtbar j\u00fcngere Haut.<\/p>\t\t\t\t\t\t\t\t<\/div>\n\t\t\t\t<\/div>\n\t\t\t\t<div class=\"elementor-element elementor-element-b1c359d elementor-widget elementor-widget-image\" data-id=\"b1c359d\" data-element_type=\"widget\" data-e-type=\"widget\" data-widget_type=\"image.default\">\n\t\t\t\t<div class=\"elementor-widget-container\">\n\t\t\t\t\t\t\t\t\t\t\t\t\t\t\t<img decoding=\"async\" width=\"800\" height=\"673\" src=\"https:\/\/thalion-benelux.com\/wp-content\/uploads\/thalion-algo-1024x861.png\" class=\"attachment-large size-large wp-image-54\" alt=\"\" srcset=\"https:\/\/thalion-benelux.com\/wp-content\/uploads\/thalion-algo-1024x861.png 1024w, https:\/\/thalion-benelux.com\/wp-content\/uploads\/thalion-algo-300x252.png 300w, https:\/\/thalion-benelux.com\/wp-content\/uploads\/thalion-algo-768x646.png 768w, https:\/\/thalion-benelux.com\/wp-content\/uploads\/thalion-algo-1536x1292.png 1536w, https:\/\/thalion-benelux.com\/wp-content\/uploads\/thalion-algo.png 1554w\" sizes=\"(max-width: 800px) 100vw, 800px\" \/>\t\t\t\t\t\t\t\t\t\t\t\t\t\t\t<\/div>\n\t\t\t\t<\/div>\n\t\t\t\t\t<\/div>\n\t\t\t\t<\/div>\n\t\t\t\t<\/div>\n\t\t\t\t\t<\/div>\n\t\t\t\t<\/div>\n\t\t\t\t\t<\/div>\n\t\t\t\t<\/div>\n\t\t<div class=\"elementor-element elementor-element-11e9a6e e-flex e-con-boxed e-con e-parent\" data-id=\"11e9a6e\" data-element_type=\"container\" data-e-type=\"container\" data-settings=\"{&quot;background_background&quot;:&quot;classic&quot;}\">\n\t\t\t\t\t<div class=\"e-con-inner\">\n\t\t<div class=\"elementor-element elementor-element-cd2f298 e-con-full e-flex e-con e-child\" data-id=\"cd2f298\" data-element_type=\"container\" data-e-type=\"container\">\n\t\t\t\t<div class=\"elementor-element elementor-element-08f8bb3 elementor-widget elementor-widget-heading\" data-id=\"08f8bb3\" data-element_type=\"widget\" data-e-type=\"widget\" data-widget_type=\"heading.default\">\n\t\t\t\t<div class=\"elementor-widget-container\">\n\t\t\t\t\t<h2 class=\"elementor-heading-title elementor-size-default\">Seetang,<br>\nAlgen und<br>\nMineralien<\/h2>\t\t\t\t<\/div>\n\t\t\t\t<\/div>\n\t\t\t\t<div class=\"elementor-element elementor-element-eee4918 elementor-widget elementor-widget-text-editor\" data-id=\"eee4918\" data-element_type=\"widget\" data-e-type=\"widget\" data-widget_type=\"text-editor.default\">\n\t\t\t\t<div class=\"elementor-widget-container\">\n\t\t\t\t\t\t\t\t\t<div class=\"home__banner home__banner-2\"><div class=\"container\"><div class=\"row\"><div class=\"col-md-12\"><div class=\"home__banner__content\"><p>Das Meer ist voll von reichhaltigen N\u00e4hrstoffen, die von Algen und K\u00fcstenpflanzen aufgenommen werden.\u00a0<br \/>Erleben Sie die pflegende Kraft der Natur.<\/p><\/div><\/div><\/div><\/div><\/div><div class=\"home__products\"><div class=\"container\"><div class=\"row\"><div class=\"col-md-10 offset-md-1\">\u00a0<\/div><\/div><\/div><\/div>\t\t\t\t\t\t\t\t<\/div>\n\t\t\t\t<\/div>\n\t\t\t\t<\/div>\n\t\t\t\t\t<\/div>\n\t\t\t\t<\/div>\n\t\t<div class=\"elementor-element elementor-element-ddd2b32 e-flex e-con-boxed e-con e-parent\" data-id=\"ddd2b32\" data-element_type=\"container\" data-e-type=\"container\">\n\t\t\t\t\t<div class=\"e-con-inner\">\n\t\t\t\t<div class=\"elementor-element elementor-element-8c5a73f elementor-widget elementor-widget-heading\" data-id=\"8c5a73f\" data-element_type=\"widget\" data-e-type=\"widget\" data-widget_type=\"heading.default\">\n\t\t\t\t<div class=\"elementor-widget-container\">\n\t\t\t\t\t<h2 class=\"elementor-heading-title elementor-size-default\">Unsere Bestseller<\/h2>\t\t\t\t<\/div>\n\t\t\t\t<\/div>\n\t\t\t\t<div class=\"elementor-element elementor-element-79e9ade pp-equal-height-yes pp-posts-thumbnail-ratio elementor-grid-3 elementor-grid-tablet-2 elementor-grid-mobile-1 elementor-widget elementor-widget-pp-posts\" data-id=\"79e9ade\" data-element_type=\"widget\" data-e-type=\"widget\" data-widget_type=\"pp-posts.card\">\n\t\t\t\t<div class=\"elementor-widget-container\">\n\t\t\t\t\t\t\t<div class=\"pp-posts-container\">\n\t\t\t\n\t\t\t\t\t\t\t\t\t\t\n\t\t\t<div class=\"pp-posts pp-posts-skin-card elementor-grid pp-posts-grid\" data-query-type=\"custom\" data-layout=\"grid\" data-page=\"41\" data-skin=\"card\">\n\t\t\t\t\t\t\t\t\t\t\t<div class=\"pp-post-wrap pp-grid-item-wrap elementor-grid-item post-890 product type-product status-publish has-post-thumbnail hentry\">\n\t\t\t\t\t\t<div class=\"pp-post pp-grid-item\">\n\t\t\t\t\t\t<div class=\"pp-post-thumbnail\">\n\t\t\t<a class=\"pp-post-thumbnail-wrap\" href=\"https:\/\/thalion-benelux.com\/de\/product\/velvet-feet-cream\/\" title=\"Velvet Feet Cream\">\n\t\t\t\t<img decoding=\"async\" width=\"523\" height=\"523\" src=\"https:\/\/thalion-benelux.com\/wp-content\/uploads\/Velvet-Feet-Cream-75ml.png\" class=\"attachment-full size-full wp-image-897\" alt=\"\" srcset=\"https:\/\/thalion-benelux.com\/wp-content\/uploads\/Velvet-Feet-Cream-75ml.png 523w, https:\/\/thalion-benelux.com\/wp-content\/uploads\/Velvet-Feet-Cream-75ml-300x300.png 300w, https:\/\/thalion-benelux.com\/wp-content\/uploads\/Velvet-Feet-Cream-75ml-150x150.png 150w, https:\/\/thalion-benelux.com\/wp-content\/uploads\/Velvet-Feet-Cream-75ml-12x12.png 12w\" sizes=\"(max-width: 523px) 100vw, 523px\" \/>\t\t\t<\/a>\n\t\t<\/div>\n\t\t\n\t\t\t\t<div class=\"pp-post-content-wrap\">\n\t\t\t\t\t<div class=\"pp-post-content\">\n\t\t\t\t\t\t\t\t\t\t\t\t<h2 class=\"pp-post-title\">\n\t\t\t\t<a href=\"https:\/\/thalion-benelux.com\/de\/product\/velvet-feet-cream\/\">Velvet Feet Cream<\/a>\t\t\t<\/h2>\n\t\t\t\t\t\t\t\t<\/div>\n\t\t\t\t\t\t\t\t\t<\/div>\n\n\t\t\t\t\t\t\t<\/div>\n\t\t\t\t\t<\/div>\n\t\t\t\t<div class=\"pp-post-wrap pp-grid-item-wrap elementor-grid-item post-884 product type-product status-publish has-post-thumbnail hentry\">\n\t\t\t\t\t\t<div class=\"pp-post pp-grid-item\">\n\t\t\t\t\t\t<div class=\"pp-post-thumbnail\">\n\t\t\t<a class=\"pp-post-thumbnail-wrap\" href=\"https:\/\/thalion-benelux.com\/de\/product\/magnesium-booster-100ml\/\" title=\"Magnesium-Booster 100ml\">\n\t\t\t\t<img loading=\"lazy\" decoding=\"async\" width=\"523\" height=\"523\" src=\"https:\/\/thalion-benelux.com\/wp-content\/uploads\/Magnesium-Booster-100ml.png\" class=\"attachment-full size-full wp-image-885\" alt=\"\" srcset=\"https:\/\/thalion-benelux.com\/wp-content\/uploads\/Magnesium-Booster-100ml.png 523w, https:\/\/thalion-benelux.com\/wp-content\/uploads\/Magnesium-Booster-100ml-300x300.png 300w, https:\/\/thalion-benelux.com\/wp-content\/uploads\/Magnesium-Booster-100ml-150x150.png 150w, https:\/\/thalion-benelux.com\/wp-content\/uploads\/Magnesium-Booster-100ml-12x12.png 12w\" sizes=\"(max-width: 523px) 100vw, 523px\" \/>\t\t\t<\/a>\n\t\t<\/div>\n\t\t\n\t\t\t\t<div class=\"pp-post-content-wrap\">\n\t\t\t\t\t<div class=\"pp-post-content\">\n\t\t\t\t\t\t\t\t\t\t\t\t<h2 class=\"pp-post-title\">\n\t\t\t\t<a href=\"https:\/\/thalion-benelux.com\/de\/product\/magnesium-booster-100ml\/\">Magnesium-Booster 100ml<\/a>\t\t\t<\/h2>\n\t\t\t\t\t\t\t\t<\/div>\n\t\t\t\t\t\t\t\t\t<\/div>\n\n\t\t\t\t\t\t\t<\/div>\n\t\t\t\t\t<\/div>\n\t\t\t\t<div class=\"pp-post-wrap pp-grid-item-wrap elementor-grid-item post-867 product type-product status-publish has-post-thumbnail hentry\">\n\t\t\t\t\t\t<div class=\"pp-post pp-grid-item\">\n\t\t\t\t\t\t<div class=\"pp-post-thumbnail\">\n\t\t\t<a class=\"pp-post-thumbnail-wrap\" href=\"https:\/\/thalion-benelux.com\/de\/product\/skin-recharge-daily-energy-booster-30ml\/\" title=\"Skin Recharge Daily Energy Booster 30ml\">\n\t\t\t\t<img loading=\"lazy\" decoding=\"async\" width=\"523\" height=\"523\" src=\"https:\/\/thalion-benelux.com\/wp-content\/uploads\/MEN-Skin-Recharge-30ml.png\" class=\"attachment-full size-full wp-image-868\" alt=\"\" srcset=\"https:\/\/thalion-benelux.com\/wp-content\/uploads\/MEN-Skin-Recharge-30ml.png 523w, https:\/\/thalion-benelux.com\/wp-content\/uploads\/MEN-Skin-Recharge-30ml-300x300.png 300w, https:\/\/thalion-benelux.com\/wp-content\/uploads\/MEN-Skin-Recharge-30ml-150x150.png 150w, https:\/\/thalion-benelux.com\/wp-content\/uploads\/MEN-Skin-Recharge-30ml-12x12.png 12w\" sizes=\"(max-width: 523px) 100vw, 523px\" \/>\t\t\t<\/a>\n\t\t<\/div>\n\t\t\n\t\t\t\t<div class=\"pp-post-content-wrap\">\n\t\t\t\t\t<div class=\"pp-post-content\">\n\t\t\t\t\t\t\t\t\t\t\t\t<h2 class=\"pp-post-title\">\n\t\t\t\t<a href=\"https:\/\/thalion-benelux.com\/de\/product\/skin-recharge-daily-energy-booster-30ml\/\">Skin Recharge Daily Energy Booster 30ml<\/a>\t\t\t<\/h2>\n\t\t\t\t\t\t\t\t<\/div>\n\t\t\t\t\t\t\t\t\t<\/div>\n\n\t\t\t\t\t\t\t<\/div>\n\t\t\t\t\t<\/div>\n\t\t\t\t\t\t\t\t\t<\/div>\n\t\t\t\n\t\t\t\n\t\t\t\n\t\t\t\n\t\t\t\t\t\t\t\t\t\t\t\t<\/div>\n\n\t\t\n\t\t\t\t\t\t<\/div>\n\t\t\t\t<\/div>\n\t\t\t\t\t<\/div>\n\t\t\t\t<\/div>\n\t\t\t\t<\/div>","protected":false},"excerpt":{"rendered":"<p>seaweed skin&#8217;s superfood op zeewier gebaseerde huidverzorging, de natuurlijke manier om je huid te voeden. Undaria Pinnatifida Dat je huid opknapt van een dag aan zee wist je al. De thalion producten zijn gemaakt van allerlei werkzame bestanddelen van zeewier, algen en zeeplanten om je huidconditie te verbeteren. Thalion Algo\u2019lift Ge\u00efnspireerd door de kracht, de [&hellip;]<\/p>\n","protected":false},"author":1,"featured_media":43,"parent":0,"menu_order":0,"comment_status":"closed","ping_status":"closed","template":"","meta":{"inline_featured_image":false,"footnotes":""},"class_list":["post-41","page","type-page","status-publish","has-post-thumbnail","hentry"],"_links":{"self":[{"href":"https:\/\/thalion-benelux.com\/de\/wp-json\/wp\/v2\/pages\/41","targetHints":{"allow":["GET"]}}],"collection":[{"href":"https:\/\/thalion-benelux.com\/de\/wp-json\/wp\/v2\/pages"}],"about":[{"href":"https:\/\/thalion-benelux.com\/de\/wp-json\/wp\/v2\/types\/page"}],"author":[{"embeddable":true,"href":"https:\/\/thalion-benelux.com\/de\/wp-json\/wp\/v2\/users\/1"}],"replies":[{"embeddable":true,"href":"https:\/\/thalion-benelux.com\/de\/wp-json\/wp\/v2\/comments?post=41"}],"version-history":[{"count":5,"href":"https:\/\/thalion-benelux.com\/de\/wp-json\/wp\/v2\/pages\/41\/revisions"}],"predecessor-version":[{"id":1287,"href":"https:\/\/thalion-benelux.com\/de\/wp-json\/wp\/v2\/pages\/41\/revisions\/1287"}],"wp:featuredmedia":[{"embeddable":true,"href":"https:\/\/thalion-benelux.com\/de\/wp-json\/wp\/v2\/media\/43"}],"wp:attachment":[{"href":"https:\/\/thalion-benelux.com\/de\/wp-json\/wp\/v2\/media?parent=41"}],"curies":[{"name":"wp","href":"https:\/\/api.w.org\/{rel}","templated":true}]}}