{"id":1044,"date":"2023-03-21T09:13:15","date_gmt":"2023-03-21T09:13:15","guid":{"rendered":"https:\/\/thalion-benelux.com\/?page_id=1044"},"modified":"2023-03-21T10:24:10","modified_gmt":"2023-03-21T10:24:10","slug":"partenaires","status":"publish","type":"page","link":"https:\/\/thalion-benelux.com\/fr\/partners\/","title":{"rendered":"partenaires"},"content":{"rendered":"<div data-elementor-type=\"wp-page\" data-elementor-id=\"1044\" class=\"elementor elementor-1044\" data-elementor-post-type=\"page\">\n\t\t\t\t<div class=\"elementor-element elementor-element-78b4d5b8 e-flex e-con-boxed e-con e-parent\" data-id=\"78b4d5b8\" data-element_type=\"container\" data-e-type=\"container\" data-settings=\"{&quot;background_background&quot;:&quot;classic&quot;}\">\n\t\t\t\t\t<div class=\"e-con-inner\">\n\t\t\t\t<div class=\"elementor-element elementor-element-4516715 elementor-widget elementor-widget-heading\" data-id=\"4516715\" data-element_type=\"widget\" data-e-type=\"widget\" data-widget_type=\"heading.default\">\n\t\t\t\t<div class=\"elementor-widget-container\">\n\t\t\t\t\t<div class=\"elementor-heading-title elementor-size-default\">partenaires de prestige Europe de l&#039;Ouest\n<\/div>\t\t\t\t<\/div>\n\t\t\t\t<\/div>\n\t\t\t\t<div class=\"elementor-element elementor-element-5327d6f elementor-widget elementor-widget-heading\" data-id=\"5327d6f\" data-element_type=\"widget\" data-e-type=\"widget\" data-widget_type=\"heading.default\">\n\t\t\t\t<div class=\"elementor-widget-container\">\n\t\t\t\t\t<h4 class=\"elementor-heading-title elementor-size-default\">Envie de vous faire dorloter \u00e0 merveille ? Visitez un centre de bien-\u00eatre pour nos soins de beaut\u00e9 Thalion.\n\n<\/h4>\t\t\t\t<\/div>\n\t\t\t\t<\/div>\n\t\t\t\t\t<\/div>\n\t\t\t\t<\/div>\n\t\t<div class=\"elementor-element elementor-element-7d60b90 e-flex e-con-boxed e-con e-parent\" data-id=\"7d60b90\" data-element_type=\"container\" data-e-type=\"container\">\n\t\t\t\t\t<div class=\"e-con-inner\">\n\t\t<div class=\"elementor-element elementor-element-ec76ce9 e-con-full e-flex e-con e-parent\" data-id=\"ec76ce9\" data-element_type=\"container\" data-e-type=\"container\">\n\t\t<div class=\"elementor-element elementor-element-b3f372f e-flex e-con-boxed e-con e-parent\" data-id=\"b3f372f\" data-element_type=\"container\" data-e-type=\"container\">\n\t\t\t\t\t<div class=\"e-con-inner\">\n\t\t<div class=\"elementor-element elementor-element-c7f5bcb e-flex e-con-boxed e-con e-parent\" data-id=\"c7f5bcb\" data-element_type=\"container\" data-e-type=\"container\">\n\t\t\t\t\t<div class=\"e-con-inner\">\n\t\t<div class=\"elementor-element elementor-element-a561ed4 e-flex e-con-boxed e-con e-parent\" data-id=\"a561ed4\" data-element_type=\"container\" data-e-type=\"container\" data-settings=\"{&quot;background_background&quot;:&quot;classic&quot;}\">\n\t\t\t\t\t<div class=\"e-con-inner\">\n\t\t\t\t\t<\/div>\n\t\t\t\t<\/div>\n\t\t\t\t\t<\/div>\n\t\t\t\t<\/div>\n\t\t<div class=\"elementor-element elementor-element-820b4e2 e-flex e-con-boxed e-con e-parent\" data-id=\"820b4e2\" data-element_type=\"container\" data-e-type=\"container\">\n\t\t\t\t\t<div class=\"e-con-inner\">\n\t\t\t\t<div class=\"elementor-element elementor-element-adde537 elementor-widget elementor-widget-text-editor\" data-id=\"adde537\" data-element_type=\"widget\" data-e-type=\"widget\" data-widget_type=\"text-editor.default\">\n\t\t\t\t<div class=\"elementor-widget-container\">\n\t\t\t\t\t\t\t\t\t<p><strong>Club de sant\u00e9 et de beaut\u00e9 Blue Diamonds<\/strong><\/p><p>Extr\u00e9mit\u00e9 Nord 35<br \/>2514 GC La Haye<br \/><span class=\"country\">les Pays-Bas<\/span><\/p><p><a href=\"https:\/\/bluediamonds.club\/\" target=\"_blank\" rel=\"noopener\">Site Internet<\/a><\/p>\t\t\t\t\t\t\t\t<\/div>\n\t\t\t\t<\/div>\n\t\t\t\t\t<\/div>\n\t\t\t\t<\/div>\n\t\t\t\t\t<\/div>\n\t\t\t\t<\/div>\n\t\t\t\t<\/div>\n\t\t<div class=\"elementor-element elementor-element-926481c e-con-full e-flex e-con e-parent\" data-id=\"926481c\" data-element_type=\"container\" data-e-type=\"container\">\n\t\t<div class=\"elementor-element elementor-element-1495c80 e-flex e-con-boxed e-con e-parent\" data-id=\"1495c80\" data-element_type=\"container\" data-e-type=\"container\">\n\t\t\t\t\t<div class=\"e-con-inner\">\n\t\t<div class=\"elementor-element elementor-element-70002fe e-flex e-con-boxed e-con e-parent\" data-id=\"70002fe\" data-element_type=\"container\" data-e-type=\"container\">\n\t\t\t\t\t<div class=\"e-con-inner\">\n\t\t<div class=\"elementor-element elementor-element-85fe07c e-flex e-con-boxed e-con e-parent\" data-id=\"85fe07c\" data-element_type=\"container\" data-e-type=\"container\" data-settings=\"{&quot;background_background&quot;:&quot;classic&quot;}\">\n\t\t\t\t\t<div class=\"e-con-inner\">\n\t\t\t\t\t<\/div>\n\t\t\t\t<\/div>\n\t\t\t\t\t<\/div>\n\t\t\t\t<\/div>\n\t\t<div class=\"elementor-element elementor-element-4c33997 e-flex e-con-boxed e-con e-parent\" data-id=\"4c33997\" data-element_type=\"container\" data-e-type=\"container\">\n\t\t\t\t\t<div class=\"e-con-inner\">\n\t\t\t\t<div class=\"elementor-element elementor-element-10fd41b elementor-widget elementor-widget-text-editor\" data-id=\"10fd41b\" data-element_type=\"widget\" data-e-type=\"widget\" data-widget_type=\"text-editor.default\">\n\t\t\t\t<div class=\"elementor-widget-container\">\n\t\t\t\t\t\t\t\t\t<p><strong>db Seabank Resort &amp; Spa<\/strong><\/p><p>Route de Marfa<br \/>Baie de Mellieha MLH 9063<br \/>Malte<\/p><p><a href=\"https:\/\/www.dbhotelsresorts.com\/dbseabank\/\" target=\"_blank\" rel=\"noopener\">Site Internet<\/a><\/p>\t\t\t\t\t\t\t\t<\/div>\n\t\t\t\t<\/div>\n\t\t\t\t\t<\/div>\n\t\t\t\t<\/div>\n\t\t\t\t\t<\/div>\n\t\t\t\t<\/div>\n\t\t\t\t<\/div>\n\t\t\t\t\t<\/div>\n\t\t\t\t<\/div>\n\t\t<div class=\"elementor-element elementor-element-92ca17c e-flex e-con-boxed e-con e-parent\" data-id=\"92ca17c\" data-element_type=\"container\" data-e-type=\"container\">\n\t\t\t\t\t<div class=\"e-con-inner\">\n\t\t<div class=\"elementor-element elementor-element-35dd559 e-con-full e-flex e-con e-parent\" data-id=\"35dd559\" data-element_type=\"container\" data-e-type=\"container\">\n\t\t<div class=\"elementor-element elementor-element-04c9294 e-flex e-con-boxed e-con e-parent\" data-id=\"04c9294\" data-element_type=\"container\" data-e-type=\"container\">\n\t\t\t\t\t<div class=\"e-con-inner\">\n\t\t<div class=\"elementor-element elementor-element-2cf6623 e-flex e-con-boxed e-con e-parent\" data-id=\"2cf6623\" data-element_type=\"container\" data-e-type=\"container\">\n\t\t\t\t\t<div class=\"e-con-inner\">\n\t\t<div class=\"elementor-element elementor-element-d934f7e e-flex e-con-boxed e-con e-parent\" data-id=\"d934f7e\" data-element_type=\"container\" data-e-type=\"container\" data-settings=\"{&quot;background_background&quot;:&quot;classic&quot;}\">\n\t\t\t\t\t<div class=\"e-con-inner\">\n\t\t\t\t\t<\/div>\n\t\t\t\t<\/div>\n\t\t\t\t\t<\/div>\n\t\t\t\t<\/div>\n\t\t<div class=\"elementor-element elementor-element-a6319ca e-flex e-con-boxed e-con e-parent\" data-id=\"a6319ca\" data-element_type=\"container\" data-e-type=\"container\">\n\t\t\t\t\t<div class=\"e-con-inner\">\n\t\t\t\t<div class=\"elementor-element elementor-element-891d07e elementor-widget elementor-widget-text-editor\" data-id=\"891d07e\" data-element_type=\"widget\" data-e-type=\"widget\" data-widget_type=\"text-editor.default\">\n\t\t\t\t<div class=\"elementor-widget-container\">\n\t\t\t\t\t\t\t\t\t<p><strong>Gwelan Mor Resort<\/strong><\/p><p>Feadon LanePortreath Redruth<br \/>Cornouailles<br \/>TR16 4PE<br \/>Royaume-Uni<\/p><p><a href=\"https:\/\/www.gwelanmor.com\/\">Site Internet<\/a><\/p>\t\t\t\t\t\t\t\t<\/div>\n\t\t\t\t<\/div>\n\t\t\t\t\t<\/div>\n\t\t\t\t<\/div>\n\t\t\t\t\t<\/div>\n\t\t\t\t<\/div>\n\t\t\t\t<\/div>\n\t\t<div class=\"elementor-element elementor-element-811ff35 e-con-full e-flex e-con e-parent\" data-id=\"811ff35\" data-element_type=\"container\" data-e-type=\"container\">\n\t\t<div class=\"elementor-element elementor-element-08e6860 e-flex e-con-boxed e-con e-parent\" data-id=\"08e6860\" data-element_type=\"container\" data-e-type=\"container\">\n\t\t\t\t\t<div class=\"e-con-inner\">\n\t\t<div class=\"elementor-element elementor-element-c006009 e-flex e-con-boxed e-con e-parent\" data-id=\"c006009\" data-element_type=\"container\" data-e-type=\"container\">\n\t\t\t\t\t<div class=\"e-con-inner\">\n\t\t<div class=\"elementor-element elementor-element-3018d1f e-flex e-con-boxed e-con e-parent\" data-id=\"3018d1f\" data-element_type=\"container\" data-e-type=\"container\" data-settings=\"{&quot;background_background&quot;:&quot;classic&quot;}\">\n\t\t\t\t\t<div class=\"e-con-inner\">\n\t\t\t\t\t<\/div>\n\t\t\t\t<\/div>\n\t\t\t\t\t<\/div>\n\t\t\t\t<\/div>\n\t\t<div class=\"elementor-element elementor-element-7d9c691 e-flex e-con-boxed e-con e-parent\" data-id=\"7d9c691\" data-element_type=\"container\" data-e-type=\"container\">\n\t\t\t\t\t<div class=\"e-con-inner\">\n\t\t\t\t<div class=\"elementor-element elementor-element-90916db elementor-widget elementor-widget-text-editor\" data-id=\"90916db\" data-element_type=\"widget\" data-e-type=\"widget\" data-widget_type=\"text-editor.default\">\n\t\t\t\t<div class=\"elementor-widget-container\">\n\t\t\t\t\t\t\t\t\t<p><strong>Sandvik Gard Spa H\u00f4tel<\/strong><\/p><p>Sandvik Gard 1<br \/>616 91 aby<br \/>Su\u00e8de<\/p><p><a href=\"http:\/\/www.sandvikgard.com\/\" target=\"_blank\" rel=\"noopener\">Site Internet<\/a><\/p>\t\t\t\t\t\t\t\t<\/div>\n\t\t\t\t<\/div>\n\t\t\t\t\t<\/div>\n\t\t\t\t<\/div>\n\t\t\t\t\t<\/div>\n\t\t\t\t<\/div>\n\t\t\t\t<\/div>\n\t\t\t\t\t<\/div>\n\t\t\t\t<\/div>\n\t\t<div class=\"elementor-element elementor-element-68cdf08 e-flex e-con-boxed e-con e-parent\" data-id=\"68cdf08\" data-element_type=\"container\" data-e-type=\"container\">\n\t\t\t\t\t<div class=\"e-con-inner\">\n\t\t<div class=\"elementor-element elementor-element-f164bc4 e-con-full e-flex e-con e-parent\" data-id=\"f164bc4\" data-element_type=\"container\" data-e-type=\"container\">\n\t\t<div class=\"elementor-element elementor-element-dd12708 e-flex e-con-boxed e-con e-parent\" data-id=\"dd12708\" data-element_type=\"container\" data-e-type=\"container\">\n\t\t\t\t\t<div class=\"e-con-inner\">\n\t\t<div class=\"elementor-element elementor-element-dde89de e-flex e-con-boxed e-con e-parent\" data-id=\"dde89de\" data-element_type=\"container\" data-e-type=\"container\">\n\t\t\t\t\t<div class=\"e-con-inner\">\n\t\t<div class=\"elementor-element elementor-element-874d810 e-flex e-con-boxed e-con e-parent\" data-id=\"874d810\" data-element_type=\"container\" data-e-type=\"container\" data-settings=\"{&quot;background_background&quot;:&quot;classic&quot;}\">\n\t\t\t\t\t<div class=\"e-con-inner\">\n\t\t\t\t\t<\/div>\n\t\t\t\t<\/div>\n\t\t\t\t\t<\/div>\n\t\t\t\t<\/div>\n\t\t<div class=\"elementor-element elementor-element-e12a8d7 e-flex e-con-boxed e-con e-parent\" data-id=\"e12a8d7\" data-element_type=\"container\" data-e-type=\"container\">\n\t\t\t\t\t<div class=\"e-con-inner\">\n\t\t\t\t<div class=\"elementor-element elementor-element-1fc4a2f elementor-widget elementor-widget-text-editor\" data-id=\"1fc4a2f\" data-element_type=\"widget\" data-e-type=\"widget\" data-widget_type=\"text-editor.default\">\n\t\t\t\t<div class=\"elementor-widget-container\">\n\t\t\t\t\t\t\t\t\t<p><strong>H\u00f4tel Britannia<\/strong><\/p><p>Porte de Dronningen 5<br \/>7011 Trondheim<br \/>Norv\u00e8ge<\/p><p><a href=\"https:\/\/www.thonhotels.no\/hoteller\/norge\/trondheim\/\" target=\"_blank\" rel=\"noopener\">Site Internet<\/a><\/p>\t\t\t\t\t\t\t\t<\/div>\n\t\t\t\t<\/div>\n\t\t\t\t\t<\/div>\n\t\t\t\t<\/div>\n\t\t\t\t\t<\/div>\n\t\t\t\t<\/div>\n\t\t\t\t<\/div>\n\t\t<div class=\"elementor-element elementor-element-8fca18e e-con-full e-flex e-con e-parent\" data-id=\"8fca18e\" data-element_type=\"container\" data-e-type=\"container\">\n\t\t<div class=\"elementor-element elementor-element-7f7ba9d e-flex e-con-boxed e-con e-parent\" data-id=\"7f7ba9d\" data-element_type=\"container\" data-e-type=\"container\">\n\t\t\t\t\t<div class=\"e-con-inner\">\n\t\t<div class=\"elementor-element elementor-element-5d4ef15 e-flex e-con-boxed e-con e-parent\" data-id=\"5d4ef15\" data-element_type=\"container\" data-e-type=\"container\">\n\t\t\t\t\t<div class=\"e-con-inner\">\n\t\t<div class=\"elementor-element elementor-element-0a08d65 e-flex e-con-boxed e-con e-parent\" data-id=\"0a08d65\" data-element_type=\"container\" data-e-type=\"container\" data-settings=\"{&quot;background_background&quot;:&quot;classic&quot;}\">\n\t\t\t\t\t<div class=\"e-con-inner\">\n\t\t\t\t\t<\/div>\n\t\t\t\t<\/div>\n\t\t\t\t\t<\/div>\n\t\t\t\t<\/div>\n\t\t<div class=\"elementor-element elementor-element-db1b9b1 e-flex e-con-boxed e-con e-parent\" data-id=\"db1b9b1\" data-element_type=\"container\" data-e-type=\"container\">\n\t\t\t\t\t<div class=\"e-con-inner\">\n\t\t\t\t<div class=\"elementor-element elementor-element-5cc2631 elementor-widget elementor-widget-text-editor\" data-id=\"5cc2631\" data-element_type=\"widget\" data-e-type=\"widget\" data-widget_type=\"text-editor.default\">\n\t\t\t\t<div class=\"elementor-widget-container\">\n\t\t\t\t\t\t\t\t\t<p><strong>Thermes Marins de Cannes<\/strong><\/p><p>47, rue Georges Cl\u00e9menceau<br \/>06400Cannes<br \/>France<\/p><p><a href=\"https:\/\/www.radissonblu.com\/fr\/hotel-cannes\/spa\" target=\"_blank\" rel=\"noopener\">Site Internet<\/a><\/p>\t\t\t\t\t\t\t\t<\/div>\n\t\t\t\t<\/div>\n\t\t\t\t\t<\/div>\n\t\t\t\t<\/div>\n\t\t\t\t\t<\/div>\n\t\t\t\t<\/div>\n\t\t\t\t<\/div>\n\t\t\t\t\t<\/div>\n\t\t\t\t<\/div>\n\t\t<div class=\"elementor-element elementor-element-f922c62 e-flex e-con-boxed e-con e-parent\" data-id=\"f922c62\" data-element_type=\"container\" data-e-type=\"container\">\n\t\t\t\t\t<div class=\"e-con-inner\">\n\t\t<div class=\"elementor-element elementor-element-40cf3ac e-con-full e-flex e-con e-parent\" data-id=\"40cf3ac\" data-element_type=\"container\" data-e-type=\"container\">\n\t\t<div class=\"elementor-element elementor-element-9aaa004 e-flex e-con-boxed e-con e-parent\" data-id=\"9aaa004\" data-element_type=\"container\" data-e-type=\"container\">\n\t\t\t\t\t<div class=\"e-con-inner\">\n\t\t<div class=\"elementor-element elementor-element-c5f69a3 e-flex e-con-boxed e-con e-parent\" data-id=\"c5f69a3\" data-element_type=\"container\" data-e-type=\"container\">\n\t\t\t\t\t<div class=\"e-con-inner\">\n\t\t<div class=\"elementor-element elementor-element-281872e e-flex e-con-boxed e-con e-parent\" data-id=\"281872e\" data-element_type=\"container\" data-e-type=\"container\" data-settings=\"{&quot;background_background&quot;:&quot;classic&quot;}\">\n\t\t\t\t\t<div class=\"e-con-inner\">\n\t\t\t\t\t<\/div>\n\t\t\t\t<\/div>\n\t\t\t\t\t<\/div>\n\t\t\t\t<\/div>\n\t\t<div class=\"elementor-element elementor-element-1ff5d1e e-flex e-con-boxed e-con e-parent\" data-id=\"1ff5d1e\" data-element_type=\"container\" data-e-type=\"container\">\n\t\t\t\t\t<div class=\"e-con-inner\">\n\t\t\t\t<div class=\"elementor-element elementor-element-47c934e elementor-widget elementor-widget-text-editor\" data-id=\"47c934e\" data-element_type=\"widget\" data-e-type=\"widget\" data-widget_type=\"text-editor.default\">\n\t\t\t\t<div class=\"elementor-widget-container\">\n\t\t\t\t\t\t\t\t\t<p><strong>Villalara Thalassa Resort<\/strong><\/p><p>Plage des Gaivotas<br \/>Alporchinhos \u2013 Porches<br \/>8400-450 Lagoa<br \/>Le Portugal<\/p><p><a href=\"https:\/\/www.vilalararesort.com\/en\/thalassa-and-medical-spa\/\" target=\"_blank\" rel=\"noopener\">Site Internet<\/a><\/p>\t\t\t\t\t\t\t\t<\/div>\n\t\t\t\t<\/div>\n\t\t\t\t\t<\/div>\n\t\t\t\t<\/div>\n\t\t\t\t\t<\/div>\n\t\t\t\t<\/div>\n\t\t\t\t<\/div>\n\t\t<div class=\"elementor-element elementor-element-07666eb e-con-full e-flex e-con e-parent\" data-id=\"07666eb\" data-element_type=\"container\" data-e-type=\"container\">\n\t\t<div class=\"elementor-element elementor-element-6b54de5 e-flex e-con-boxed e-con e-parent\" data-id=\"6b54de5\" data-element_type=\"container\" data-e-type=\"container\">\n\t\t\t\t\t<div class=\"e-con-inner\">\n\t\t<div class=\"elementor-element elementor-element-53b6a47 e-flex e-con-boxed e-con e-parent\" data-id=\"53b6a47\" data-element_type=\"container\" data-e-type=\"container\">\n\t\t\t\t\t<div class=\"e-con-inner\">\n\t\t<div class=\"elementor-element elementor-element-98eba74 e-flex e-con-boxed e-con e-parent\" data-id=\"98eba74\" data-element_type=\"container\" data-e-type=\"container\" data-settings=\"{&quot;background_background&quot;:&quot;classic&quot;}\">\n\t\t\t\t\t<div class=\"e-con-inner\">\n\t\t\t\t\t<\/div>\n\t\t\t\t<\/div>\n\t\t\t\t\t<\/div>\n\t\t\t\t<\/div>\n\t\t<div class=\"elementor-element elementor-element-daacdc2 e-flex e-con-boxed e-con e-parent\" data-id=\"daacdc2\" data-element_type=\"container\" data-e-type=\"container\">\n\t\t\t\t\t<div class=\"e-con-inner\">\n\t\t\t\t<div class=\"elementor-element elementor-element-a97ce7d elementor-widget elementor-widget-text-editor\" data-id=\"a97ce7d\" data-element_type=\"widget\" data-e-type=\"widget\" data-widget_type=\"text-editor.default\">\n\t\t\t\t<div class=\"elementor-widget-container\">\n\t\t\t\t\t\t\t\t\t<p><strong>H\u00f4tel Club Marbella<\/strong><\/p><p>Boulevard Principe Alfonso von Hohenlohe<br \/>29600 Marbella<br \/>l&#039;Espagne<\/p><p><a href=\"https:\/\/www.marbellaclub.com\/fr\/default.html\" target=\"_blank\" rel=\"noopener\">Site Internet<\/a><\/p>\t\t\t\t\t\t\t\t<\/div>\n\t\t\t\t<\/div>\n\t\t\t\t\t<\/div>\n\t\t\t\t<\/div>\n\t\t\t\t\t<\/div>\n\t\t\t\t<\/div>\n\t\t\t\t<\/div>\n\t\t\t\t\t<\/div>\n\t\t\t\t<\/div>\n\t\t<div class=\"elementor-element elementor-element-d6dc964 e-flex e-con-boxed e-con e-parent\" data-id=\"d6dc964\" data-element_type=\"container\" data-e-type=\"container\">\n\t\t\t\t\t<div class=\"e-con-inner\">\n\t\t<div class=\"elementor-element elementor-element-863a237 e-con-full e-flex e-con e-parent\" data-id=\"863a237\" data-element_type=\"container\" data-e-type=\"container\">\n\t\t<div class=\"elementor-element elementor-element-50e1f60 e-flex e-con-boxed e-con e-parent\" data-id=\"50e1f60\" data-element_type=\"container\" data-e-type=\"container\">\n\t\t\t\t\t<div class=\"e-con-inner\">\n\t\t<div class=\"elementor-element elementor-element-31522fc e-flex e-con-boxed e-con e-parent\" data-id=\"31522fc\" data-element_type=\"container\" data-e-type=\"container\">\n\t\t\t\t\t<div class=\"e-con-inner\">\n\t\t<div class=\"elementor-element elementor-element-12b610e e-flex e-con-boxed e-con e-parent\" data-id=\"12b610e\" data-element_type=\"container\" data-e-type=\"container\" data-settings=\"{&quot;background_background&quot;:&quot;classic&quot;}\">\n\t\t\t\t\t<div class=\"e-con-inner\">\n\t\t\t\t\t<\/div>\n\t\t\t\t<\/div>\n\t\t\t\t\t<\/div>\n\t\t\t\t<\/div>\n\t\t<div class=\"elementor-element elementor-element-adfd331 e-flex e-con-boxed e-con e-parent\" data-id=\"adfd331\" data-element_type=\"container\" data-e-type=\"container\">\n\t\t\t\t\t<div class=\"e-con-inner\">\n\t\t\t\t<div class=\"elementor-element elementor-element-3470e31 elementor-widget elementor-widget-text-editor\" data-id=\"3470e31\" data-element_type=\"widget\" data-e-type=\"widget\" data-widget_type=\"text-editor.default\">\n\t\t\t\t<div class=\"elementor-widget-container\">\n\t\t\t\t\t\t\t\t\t<p><strong>Palais Naiadi Roma<\/strong><\/p><p>Piazza della Repubblica, 43<br \/>Rome<\/p><p><a href=\"https:\/\/www.dahotels.com\/palazzo-naiadi-roma\/\" target=\"_blank\" rel=\"noopener\">Site Internet<\/a><\/p>\t\t\t\t\t\t\t\t<\/div>\n\t\t\t\t<\/div>\n\t\t\t\t\t<\/div>\n\t\t\t\t<\/div>\n\t\t\t\t\t<\/div>\n\t\t\t\t<\/div>\n\t\t\t\t<\/div>\n\t\t<div class=\"elementor-element elementor-element-aa45326 e-con-full e-flex e-con e-parent\" data-id=\"aa45326\" data-element_type=\"container\" data-e-type=\"container\">\n\t\t<div class=\"elementor-element elementor-element-4dd599a e-flex e-con-boxed e-con e-parent\" data-id=\"4dd599a\" data-element_type=\"container\" data-e-type=\"container\">\n\t\t\t\t\t<div class=\"e-con-inner\">\n\t\t<div class=\"elementor-element elementor-element-b970c4b e-flex e-con-boxed e-con e-parent\" data-id=\"b970c4b\" data-element_type=\"container\" data-e-type=\"container\">\n\t\t\t\t\t<div class=\"e-con-inner\">\n\t\t<div class=\"elementor-element elementor-element-75907d0 e-flex e-con-boxed e-con e-parent\" data-id=\"75907d0\" data-element_type=\"container\" data-e-type=\"container\" data-settings=\"{&quot;background_background&quot;:&quot;classic&quot;}\">\n\t\t\t\t\t<div class=\"e-con-inner\">\n\t\t\t\t\t<\/div>\n\t\t\t\t<\/div>\n\t\t\t\t\t<\/div>\n\t\t\t\t<\/div>\n\t\t<div class=\"elementor-element elementor-element-c0af221 e-flex e-con-boxed e-con e-parent\" data-id=\"c0af221\" data-element_type=\"container\" data-e-type=\"container\">\n\t\t\t\t\t<div class=\"e-con-inner\">\n\t\t\t\t<div class=\"elementor-element elementor-element-32deab0 elementor-widget elementor-widget-text-editor\" data-id=\"32deab0\" data-element_type=\"widget\" data-e-type=\"widget\" data-widget_type=\"text-editor.default\">\n\t\t\t\t<div class=\"elementor-widget-container\">\n\t\t\t\t\t\t\t\t\t<p><strong>H\u00f4tel Maritim Timmendorfer Strand<\/strong><\/p><p>Strandall\u00e9e 73<br \/>Plage de Timmendorfer<br \/>Allemagne<\/p><p><a href=\"https:\/\/www.maritim.com\/en\/hotels\/germany\/seehotel-timmendorfer-strand-ostsee\/hotel-overview\" target=\"_blank\" rel=\"noopener\">Site Internet<\/a><\/p>\t\t\t\t\t\t\t\t<\/div>\n\t\t\t\t<\/div>\n\t\t\t\t\t<\/div>\n\t\t\t\t<\/div>\n\t\t\t\t\t<\/div>\n\t\t\t\t<\/div>\n\t\t\t\t<\/div>\n\t\t\t\t\t<\/div>\n\t\t\t\t<\/div>\n\t\t\t\t<\/div>","protected":false},"excerpt":{"rendered":"<p>prestige partners West-Europa Heerlijk in de watten gelegd worden? Bezoek een wellness center voor onze Thalion beauty behandelingen. Blue Diamonds Health &amp; Beauty Club Noordeinde 352514 GC Den HaagNederland Website db Seabank Resort &amp; Spa Marfa RoadMellieha Bay MLH 9063Malta Website Gwelan Mor Resort Feadon Lane Portreath RedruthCornwallTR16 4PEVerenigd Koninkrijk Website Sandvik Gard Spa Hotel [&hellip;]<\/p>\n","protected":false},"author":4,"featured_media":0,"parent":0,"menu_order":0,"comment_status":"closed","ping_status":"closed","template":"","meta":{"inline_featured_image":false,"footnotes":""},"class_list":["post-1044","page","type-page","status-publish","hentry"],"_links":{"self":[{"href":"https:\/\/thalion-benelux.com\/fr\/wp-json\/wp\/v2\/pages\/1044","targetHints":{"allow":["GET"]}}],"collection":[{"href":"https:\/\/thalion-benelux.com\/fr\/wp-json\/wp\/v2\/pages"}],"about":[{"href":"https:\/\/thalion-benelux.com\/fr\/wp-json\/wp\/v2\/types\/page"}],"author":[{"embeddable":true,"href":"https:\/\/thalion-benelux.com\/fr\/wp-json\/wp\/v2\/users\/4"}],"replies":[{"embeddable":true,"href":"https:\/\/thalion-benelux.com\/fr\/wp-json\/wp\/v2\/comments?post=1044"}],"version-history":[{"count":5,"href":"https:\/\/thalion-benelux.com\/fr\/wp-json\/wp\/v2\/pages\/1044\/revisions"}],"predecessor-version":[{"id":1168,"href":"https:\/\/thalion-benelux.com\/fr\/wp-json\/wp\/v2\/pages\/1044\/revisions\/1168"}],"wp:attachment":[{"href":"https:\/\/thalion-benelux.com\/fr\/wp-json\/wp\/v2\/media?parent=1044"}],"curies":[{"name":"wp","href":"https:\/\/api.w.org\/{rel}","templated":true}]}}