{"id":239,"date":"2023-03-09T15:14:21","date_gmt":"2023-03-09T15:14:21","guid":{"rendered":"https:\/\/thalion-benelux.com\/?page_id=239"},"modified":"2023-03-21T14:07:48","modified_gmt":"2023-03-21T14:07:48","slug":"ocean-secrets","status":"publish","type":"page","link":"https:\/\/thalion-benelux.com\/fr\/ocean-secrets\/","title":{"rendered":"secrets de l&#039;oc\u00e9an"},"content":{"rendered":"<div data-elementor-type=\"wp-page\" data-elementor-id=\"239\" class=\"elementor elementor-239\" data-elementor-post-type=\"page\">\n\t\t\t\t<div class=\"elementor-element elementor-element-29dd1376 e-flex e-con-boxed e-con e-parent\" data-id=\"29dd1376\" data-element_type=\"container\" data-e-type=\"container\" data-settings=\"{&quot;background_background&quot;:&quot;classic&quot;}\">\n\t\t\t\t\t<div class=\"e-con-inner\">\n\t\t\t\t<div class=\"elementor-element elementor-element-5d85e0aa elementor-widget elementor-widget-heading\" data-id=\"5d85e0aa\" data-element_type=\"widget\" data-e-type=\"widget\" data-widget_type=\"heading.default\">\n\t\t\t\t<div class=\"elementor-widget-container\">\n\t\t\t\t\t<div class=\"elementor-heading-title elementor-size-default\">ocean secrets\n<\/div>\t\t\t\t<\/div>\n\t\t\t\t<\/div>\n\t\t\t\t<div class=\"elementor-element elementor-element-7da55fec elementor-widget elementor-widget-text-editor\" data-id=\"7da55fec\" data-element_type=\"widget\" data-e-type=\"widget\" data-widget_type=\"text-editor.default\">\n\t\t\t\t<div class=\"elementor-widget-container\">\n\t\t\t\t\t\t\t\t\tsoins du visage\n\n\t\t\t\t\t\t\t\t<\/div>\n\t\t\t\t<\/div>\n\t\t\t\t\t<\/div>\n\t\t\t\t<\/div>\n\t\t<div class=\"elementor-element elementor-element-3d3bdee3 e-flex e-con-boxed e-con e-parent\" data-id=\"3d3bdee3\" data-element_type=\"container\" data-e-type=\"container\">\n\t\t\t\t\t<div class=\"e-con-inner\">\n\t\t<div class=\"elementor-element elementor-element-2ec49c8c e-flex e-con-boxed e-con e-parent\" data-id=\"2ec49c8c\" data-element_type=\"container\" data-e-type=\"container\">\n\t\t\t\t\t<div class=\"e-con-inner\">\n\t\t<div class=\"elementor-element elementor-element-58b098cb e-con-full e-flex e-con e-parent\" data-id=\"58b098cb\" data-element_type=\"container\" data-e-type=\"container\">\n\t\t\t\t<div class=\"elementor-element elementor-element-445c07c6 elementor-widget elementor-widget-heading\" data-id=\"445c07c6\" data-element_type=\"widget\" data-e-type=\"widget\" data-widget_type=\"heading.default\">\n\t\t\t\t<div class=\"elementor-widget-container\">\n\t\t\t\t\t<h3 class=\"elementor-heading-title elementor-size-default\">LIFTING FACIAL ANTI-\u00c2GE EXTRAORDINAIRE\n<\/h3>\t\t\t\t<\/div>\n\t\t\t\t<\/div>\n\t\t\t\t<\/div>\n\t\t<div class=\"elementor-element elementor-element-51ea8040 e-con-full e-flex e-con e-parent\" data-id=\"51ea8040\" data-element_type=\"container\" data-e-type=\"container\">\n\t\t\t\t<div class=\"elementor-element elementor-element-351ec116 elementor-widget elementor-widget-text-editor\" data-id=\"351ec116\" data-element_type=\"widget\" data-e-type=\"widget\" data-widget_type=\"text-editor.default\">\n\t\t\t\t<div class=\"elementor-widget-container\">\n\t\t\t\t\t\t\t\t\tLes laboratoires Thalion ont con\u00e7u le concept de Secrets de l\u2019Oc\u00e9an, une formule anti-\u00e2ge extraordinaire qui est une v\u00e9ritable ode \u00e0 la beaut\u00e9 de chaque femme. C\u2019est plus qu\u2019un traitement simple: il s\u2019agit d\u2019une expertise technologiquement avanc\u00e9e et cruciale pour l\u2019aboutissement \u00e0 des r\u00e9sultats directs et ambitieux. Cette technique de soin du visage est bas\u00e9e sur un massage innovatif qui fa\u00e7onne les contours du visage en resserrant la peau. C\u2019est une combinaison de massages relaxants et de mouvements profonds, une technique qui exerce un lifting manuel sur la structure m\u00eame de la peau.\n\n\t\t\t\t\t\t\t\t<\/div>\n\t\t\t\t<\/div>\n\t\t\t\t<\/div>\n\t\t<div class=\"elementor-element elementor-element-6e021a3a e-con-full e-flex e-con e-parent\" data-id=\"6e021a3a\" data-element_type=\"container\" data-e-type=\"container\">\n\t\t\t\t<div class=\"elementor-element elementor-element-506d82cd elementor-icon-list--layout-inline elementor-align-start elementor-list-item-link-full_width elementor-widget elementor-widget-icon-list\" data-id=\"506d82cd\" data-element_type=\"widget\" data-e-type=\"widget\" data-widget_type=\"icon-list.default\">\n\t\t\t\t<div class=\"elementor-widget-container\">\n\t\t\t\t\t\t\t<ul class=\"elementor-icon-list-items elementor-inline-items\">\n\t\t\t\t\t\t\t<li class=\"elementor-icon-list-item elementor-inline-item\">\n\t\t\t\t\t\t\t\t\t\t\t<span class=\"elementor-icon-list-icon\">\n\t\t\t\t\t\t\t<svg aria-hidden=\"true\" class=\"e-font-icon-svg e-far-clock\" viewbox=\"0 0 512 512\" xmlns=\"http:\/\/www.w3.org\/2000\/svg\"><path d=\"M256 8C119 8 8 119 8 256s111 248 248 248 248-111 248-248S393 8 256 8zm0 448c-110.5 0-200-89.5-200-200S145.5 56 256 56s200 89.5 200 200-89.5 200-200 200zm61.8-104.4l-84.9-61.7c-3.1-2.3-4.9-5.9-4.9-9.7V116c0-6.6 5.4-12 12-12h32c6.6 0 12 5.4 12 12v141.7l66.8 48.6c5.4 3.9 6.5 11.4 2.6 16.8L334.6 349c-3.9 5.3-11.4 6.5-16.8 2.6z\"><\/path><\/svg>\t\t\t\t\t\t<\/span>\n\t\t\t\t\t\t\t\t\t\t<span class=\"elementor-icon-list-text\">90 minutes<\/span>\n\t\t\t\t\t\t\t\t\t<\/li>\n\t\t\t\t\t\t<\/ul>\n\t\t\t\t\t\t<\/div>\n\t\t\t\t<\/div>\n\t\t\t\t<\/div>\n\t\t\t\t\t<\/div>\n\t\t\t\t<\/div>\n\t\t\t\t\t<\/div>\n\t\t\t\t<\/div>\n\t\t<div class=\"elementor-element elementor-element-e66845c e-flex e-con-boxed e-con e-parent\" data-id=\"e66845c\" data-element_type=\"container\" data-e-type=\"container\">\n\t\t\t\t\t<div class=\"e-con-inner\">\n\t\t\t\t\t<\/div>\n\t\t\t\t<\/div>\n\t\t\t\t<\/div>","protected":false},"excerpt":{"rendered":"<p>ocean secrets gezichtsbehandelingen AN EXTRAORDINARY ANTI-AGEING FACIAL Thalion&#8217;s laboratoria hebben Ocean Secrets &#8211; Extraordinary Anti-aging Facial ontworpen als een ode aan de ware schoonheid in iedere vrouw. Dit is m\u00e9\u00e9r dan een behandeling: Thalion&#8217;s technologische expertise is cruciaal voor de directe resultaten. Deze unieke gezichtsbehandeling is gebaseerd op een innovatieve massage die de contouren van [&hellip;]<\/p>\n","protected":false},"author":1,"featured_media":0,"parent":0,"menu_order":0,"comment_status":"closed","ping_status":"closed","template":"elementor_header_footer","meta":{"inline_featured_image":false,"footnotes":""},"class_list":["post-239","page","type-page","status-publish","hentry"],"_links":{"self":[{"href":"https:\/\/thalion-benelux.com\/fr\/wp-json\/wp\/v2\/pages\/239","targetHints":{"allow":["GET"]}}],"collection":[{"href":"https:\/\/thalion-benelux.com\/fr\/wp-json\/wp\/v2\/pages"}],"about":[{"href":"https:\/\/thalion-benelux.com\/fr\/wp-json\/wp\/v2\/types\/page"}],"author":[{"embeddable":true,"href":"https:\/\/thalion-benelux.com\/fr\/wp-json\/wp\/v2\/users\/1"}],"replies":[{"embeddable":true,"href":"https:\/\/thalion-benelux.com\/fr\/wp-json\/wp\/v2\/comments?post=239"}],"version-history":[{"count":5,"href":"https:\/\/thalion-benelux.com\/fr\/wp-json\/wp\/v2\/pages\/239\/revisions"}],"predecessor-version":[{"id":1261,"href":"https:\/\/thalion-benelux.com\/fr\/wp-json\/wp\/v2\/pages\/239\/revisions\/1261"}],"wp:attachment":[{"href":"https:\/\/thalion-benelux.com\/fr\/wp-json\/wp\/v2\/media?parent=239"}],"curies":[{"name":"wp","href":"https:\/\/api.w.org\/{rel}","templated":true}]}}