{"id":41,"date":"2023-03-09T10:28:20","date_gmt":"2023-03-09T10:28:20","guid":{"rendered":"https:\/\/thalion-benelux.com\/?page_id=41"},"modified":"2023-03-27T09:01:40","modified_gmt":"2023-03-27T09:01:40","slug":"home","status":"publish","type":"page","link":"https:\/\/thalion-benelux.com\/fr\/","title":{"rendered":"Maison"},"content":{"rendered":"<div data-elementor-type=\"wp-page\" data-elementor-id=\"41\" class=\"elementor elementor-41\" data-elementor-post-type=\"page\">\n\t\t\t\t<div class=\"elementor-element elementor-element-20d7699 e-flex e-con-boxed e-con e-parent\" data-id=\"20d7699\" data-element_type=\"container\" data-e-type=\"container\" data-settings=\"{&quot;background_background&quot;:&quot;classic&quot;}\">\n\t\t\t\t\t<div class=\"e-con-inner\">\n\t\t<div class=\"elementor-element elementor-element-c74142c e-con-full e-flex e-con e-child\" data-id=\"c74142c\" data-element_type=\"container\" data-e-type=\"container\">\n\t\t\t\t<div class=\"elementor-element elementor-element-e4b85e0 elementor-widget elementor-widget-heading\" data-id=\"e4b85e0\" data-element_type=\"widget\" data-e-type=\"widget\" data-widget_type=\"heading.default\">\n\t\t\t\t<div class=\"elementor-widget-container\">\n\t\t\t\t\t<h2 class=\"elementor-heading-title elementor-size-default\">Les algues<br>\nsoin de peaux<br>\navec superaliments<\/h2>\t\t\t\t<\/div>\n\t\t\t\t<\/div>\n\t\t\t\t<div class=\"elementor-element elementor-element-157d366 elementor-widget elementor-widget-text-editor\" data-id=\"157d366\" data-element_type=\"widget\" data-e-type=\"widget\" data-widget_type=\"text-editor.default\">\n\t\t\t\t<div class=\"elementor-widget-container\">\n\t\t\t\t\t\t\t\t\t<p>Des produits de soin de la peau \u00e0 base d\u2019algues<br \/>afin de sentir sa peau de fa\u00e7on naturelle.<\/p>\t\t\t\t\t\t\t\t<\/div>\n\t\t\t\t<\/div>\n\t\t\t\t<\/div>\n\t\t\t\t\t<\/div>\n\t\t\t\t<\/div>\n\t\t<div class=\"elementor-element elementor-element-25bc5b0c e-flex e-con-boxed e-con e-parent\" data-id=\"25bc5b0c\" data-element_type=\"container\" data-e-type=\"container\">\n\t\t\t\t\t<div class=\"e-con-inner\">\n\t\t<div class=\"elementor-element elementor-element-7af7642f e-flex e-con-boxed e-con e-child\" data-id=\"7af7642f\" data-element_type=\"container\" data-e-type=\"container\">\n\t\t\t\t\t<div class=\"e-con-inner\">\n\t\t<div class=\"elementor-element elementor-element-1a1b99f0 e-con-full e-flex e-con e-child\" data-id=\"1a1b99f0\" data-element_type=\"container\" data-e-type=\"container\" data-settings=\"{&quot;background_background&quot;:&quot;classic&quot;}\">\n\t\t<div class=\"elementor-element elementor-element-2c3a06b1 e-flex e-con-boxed e-con e-child\" data-id=\"2c3a06b1\" data-element_type=\"container\" data-e-type=\"container\" data-settings=\"{&quot;background_background&quot;:&quot;classic&quot;}\">\n\t\t\t\t\t<div class=\"e-con-inner\">\n\t\t<div class=\"elementor-element elementor-element-66b7f710 e-con-full e-flex e-con e-child\" data-id=\"66b7f710\" data-element_type=\"container\" data-e-type=\"container\">\n\t\t\t\t<div class=\"elementor-element elementor-element-7da838aa elementor-widget-laptop__width-initial elementor-widget elementor-widget-heading\" data-id=\"7da838aa\" data-element_type=\"widget\" data-e-type=\"widget\" data-widget_type=\"heading.default\">\n\t\t\t\t<div class=\"elementor-widget-container\">\n\t\t\t\t\t<h2 class=\"elementor-heading-title elementor-size-default\">Undaria Pinnatifida<\/h2>\t\t\t\t<\/div>\n\t\t\t\t<\/div>\n\t\t\t\t<div class=\"elementor-element elementor-element-689a542 elementor-widget elementor-widget-image\" data-id=\"689a542\" data-element_type=\"widget\" data-e-type=\"widget\" data-widget_type=\"image.default\">\n\t\t\t\t<div class=\"elementor-widget-container\">\n\t\t\t\t\t\t\t\t\t\t\t\t\t\t\t<img fetchpriority=\"high\" decoding=\"async\" width=\"800\" height=\"600\" src=\"https:\/\/thalion-benelux.com\/wp-content\/uploads\/beeld-wakame-1024x768.png\" class=\"attachment-large size-large wp-image-352\" alt=\"\" srcset=\"https:\/\/thalion-benelux.com\/wp-content\/uploads\/beeld-wakame-1024x768.png 1024w, https:\/\/thalion-benelux.com\/wp-content\/uploads\/beeld-wakame-300x225.png 300w, https:\/\/thalion-benelux.com\/wp-content\/uploads\/beeld-wakame-768x576.png 768w, https:\/\/thalion-benelux.com\/wp-content\/uploads\/beeld-wakame.png 1080w\" sizes=\"(max-width: 800px) 100vw, 800px\" \/>\t\t\t\t\t\t\t\t\t\t\t\t\t\t\t<\/div>\n\t\t\t\t<\/div>\n\t\t\t\t<div class=\"elementor-element elementor-element-ba3869b elementor-widget__width-inherit elementor-hidden-mobile elementor-widget elementor-widget-text-editor\" data-id=\"ba3869b\" data-element_type=\"widget\" data-e-type=\"widget\" data-widget_type=\"text-editor.default\">\n\t\t\t\t<div class=\"elementor-widget-container\">\n\t\t\t\t\t\t\t\t\t<p>On sait que l\u2019un des bienfaits de la mer est qu\u2019elle renouvelle les cellules de la peau. Les produits Thalion sont compos\u00e9s de diff\u00e9rents types d\u2019ingr\u00e9dients actifs comme les algues et les plantes marines qui am\u00e9liorent la condition de la peau.<\/p>\t\t\t\t\t\t\t\t<\/div>\n\t\t\t\t<\/div>\n\t\t\t\t<\/div>\n\t\t\t\t\t<\/div>\n\t\t\t\t<\/div>\n\t\t\t\t<\/div>\n\t\t<div class=\"elementor-element elementor-element-30ebf931 e-con-full e-flex e-con e-child\" data-id=\"30ebf931\" data-element_type=\"container\" data-e-type=\"container\">\n\t\t<div class=\"elementor-element elementor-element-21f40303 e-flex e-con-boxed e-con e-child\" data-id=\"21f40303\" data-element_type=\"container\" data-e-type=\"container\">\n\t\t\t\t\t<div class=\"e-con-inner\">\n\t\t\t\t<div class=\"elementor-element elementor-element-8addb1c elementor-widget elementor-widget-text-editor\" data-id=\"8addb1c\" data-element_type=\"widget\" data-e-type=\"widget\" data-widget_type=\"text-editor.default\">\n\t\t\t\t<div class=\"elementor-widget-container\">\n\t\t\t\t\t\t\t\t\t<h2>Thalion Algo&#039;lift<\/h2><p>Inspir\u00e9 par la force, la r\u00e9sistance et la capacit\u00e9 d\u2019adaptation exceptionnelle des algues, Thalion a d\u00e9velopp\u00e9 la ligne Aglo\u2019Lift. Un seul but: acqu\u00e9rir une peau visiblement plus jeune<\/p>\t\t\t\t\t\t\t\t<\/div>\n\t\t\t\t<\/div>\n\t\t\t\t<div class=\"elementor-element elementor-element-b1c359d elementor-widget elementor-widget-image\" data-id=\"b1c359d\" data-element_type=\"widget\" data-e-type=\"widget\" data-widget_type=\"image.default\">\n\t\t\t\t<div class=\"elementor-widget-container\">\n\t\t\t\t\t\t\t\t\t\t\t\t\t\t\t<img decoding=\"async\" width=\"800\" height=\"673\" src=\"https:\/\/thalion-benelux.com\/wp-content\/uploads\/thalion-algo-1024x861.png\" class=\"attachment-large size-large wp-image-54\" alt=\"\" srcset=\"https:\/\/thalion-benelux.com\/wp-content\/uploads\/thalion-algo-1024x861.png 1024w, https:\/\/thalion-benelux.com\/wp-content\/uploads\/thalion-algo-300x252.png 300w, https:\/\/thalion-benelux.com\/wp-content\/uploads\/thalion-algo-768x646.png 768w, https:\/\/thalion-benelux.com\/wp-content\/uploads\/thalion-algo-1536x1292.png 1536w, https:\/\/thalion-benelux.com\/wp-content\/uploads\/thalion-algo.png 1554w\" sizes=\"(max-width: 800px) 100vw, 800px\" \/>\t\t\t\t\t\t\t\t\t\t\t\t\t\t\t<\/div>\n\t\t\t\t<\/div>\n\t\t\t\t\t<\/div>\n\t\t\t\t<\/div>\n\t\t\t\t<\/div>\n\t\t\t\t\t<\/div>\n\t\t\t\t<\/div>\n\t\t\t\t\t<\/div>\n\t\t\t\t<\/div>\n\t\t<div class=\"elementor-element elementor-element-11e9a6e e-flex e-con-boxed e-con e-parent\" data-id=\"11e9a6e\" data-element_type=\"container\" data-e-type=\"container\" data-settings=\"{&quot;background_background&quot;:&quot;classic&quot;}\">\n\t\t\t\t\t<div class=\"e-con-inner\">\n\t\t<div class=\"elementor-element elementor-element-cd2f298 e-con-full e-flex e-con e-child\" data-id=\"cd2f298\" data-element_type=\"container\" data-e-type=\"container\">\n\t\t\t\t<div class=\"elementor-element elementor-element-08f8bb3 elementor-widget elementor-widget-heading\" data-id=\"08f8bb3\" data-element_type=\"widget\" data-e-type=\"widget\" data-widget_type=\"heading.default\">\n\t\t\t\t<div class=\"elementor-widget-container\">\n\t\t\t\t\t<h2 class=\"elementor-heading-title elementor-size-default\">algue,<br>\nalgues et<br>\nmin\u00e9raux<\/h2>\t\t\t\t<\/div>\n\t\t\t\t<\/div>\n\t\t\t\t<div class=\"elementor-element elementor-element-eee4918 elementor-widget elementor-widget-text-editor\" data-id=\"eee4918\" data-element_type=\"widget\" data-e-type=\"widget\" data-widget_type=\"text-editor.default\">\n\t\t\t\t<div class=\"elementor-widget-container\">\n\t\t\t\t\t\t\t\t\t<div class=\"home__banner home__banner-2\"><div class=\"container\"><div class=\"row\"><div class=\"col-md-12\"><div class=\"home__banner__content\"><p>La mer est pleine d\u2019\u00e9l\u00e9ments nutritifs enrichissants qui sont absorb\u00e9s par les algues et la v\u00e9g\u00e9tation littorale. C\u2019est \u00e0 vous de d\u00e9couvrir les soins gu\u00e9rissants de la nature.\u00a0<br \/>de d\u00e9couvrir les soins gu\u00e9rissants de la nature.<\/p><\/div><\/div><\/div><\/div><\/div><div class=\"home__products\"><div class=\"container\"><div class=\"row\"><div class=\"col-md-10 offset-md-1\">\u00a0<\/div><\/div><\/div><\/div>\t\t\t\t\t\t\t\t<\/div>\n\t\t\t\t<\/div>\n\t\t\t\t<\/div>\n\t\t\t\t\t<\/div>\n\t\t\t\t<\/div>\n\t\t<div class=\"elementor-element elementor-element-ddd2b32 e-flex e-con-boxed e-con e-parent\" data-id=\"ddd2b32\" data-element_type=\"container\" data-e-type=\"container\">\n\t\t\t\t\t<div class=\"e-con-inner\">\n\t\t\t\t<div class=\"elementor-element elementor-element-8c5a73f elementor-widget elementor-widget-heading\" data-id=\"8c5a73f\" data-element_type=\"widget\" data-e-type=\"widget\" data-widget_type=\"heading.default\">\n\t\t\t\t<div class=\"elementor-widget-container\">\n\t\t\t\t\t<h2 class=\"elementor-heading-title elementor-size-default\">Nos best-sellers<\/h2>\t\t\t\t<\/div>\n\t\t\t\t<\/div>\n\t\t\t\t<div class=\"elementor-element elementor-element-79e9ade pp-equal-height-yes pp-posts-thumbnail-ratio elementor-grid-3 elementor-grid-tablet-2 elementor-grid-mobile-1 elementor-widget elementor-widget-pp-posts\" data-id=\"79e9ade\" data-element_type=\"widget\" data-e-type=\"widget\" data-widget_type=\"pp-posts.card\">\n\t\t\t\t<div class=\"elementor-widget-container\">\n\t\t\t\t\t\t\t<div class=\"pp-posts-container\">\n\t\t\t\n\t\t\t\t\t\t\t\t\t\t\n\t\t\t<div class=\"pp-posts pp-posts-skin-card elementor-grid pp-posts-grid\" data-query-type=\"custom\" data-layout=\"grid\" data-page=\"41\" data-skin=\"card\">\n\t\t\t\t\t\t\t\t\t\t\t<div class=\"pp-post-wrap pp-grid-item-wrap elementor-grid-item post-890 product type-product status-publish has-post-thumbnail hentry\">\n\t\t\t\t\t\t<div class=\"pp-post pp-grid-item\">\n\t\t\t\t\t\t<div class=\"pp-post-thumbnail\">\n\t\t\t<a class=\"pp-post-thumbnail-wrap\" href=\"https:\/\/thalion-benelux.com\/fr\/product\/velvet-feet-cream\/\" title=\"Cr\u00e8me Pieds Velours\">\n\t\t\t\t<img decoding=\"async\" width=\"523\" height=\"523\" src=\"https:\/\/thalion-benelux.com\/wp-content\/uploads\/Velvet-Feet-Cream-75ml.png\" class=\"attachment-full size-full wp-image-897\" alt=\"\" srcset=\"https:\/\/thalion-benelux.com\/wp-content\/uploads\/Velvet-Feet-Cream-75ml.png 523w, https:\/\/thalion-benelux.com\/wp-content\/uploads\/Velvet-Feet-Cream-75ml-300x300.png 300w, https:\/\/thalion-benelux.com\/wp-content\/uploads\/Velvet-Feet-Cream-75ml-150x150.png 150w, https:\/\/thalion-benelux.com\/wp-content\/uploads\/Velvet-Feet-Cream-75ml-12x12.png 12w\" sizes=\"(max-width: 523px) 100vw, 523px\" \/>\t\t\t<\/a>\n\t\t<\/div>\n\t\t\n\t\t\t\t<div class=\"pp-post-content-wrap\">\n\t\t\t\t\t<div class=\"pp-post-content\">\n\t\t\t\t\t\t\t\t\t\t\t\t<h2 class=\"pp-post-title\">\n\t\t\t\t<a href=\"https:\/\/thalion-benelux.com\/fr\/product\/velvet-feet-cream\/\">Cr\u00e8me Pieds Velours<\/a>\t\t\t<\/h2>\n\t\t\t\t\t\t\t\t<\/div>\n\t\t\t\t\t\t\t\t\t<\/div>\n\n\t\t\t\t\t\t\t<\/div>\n\t\t\t\t\t<\/div>\n\t\t\t\t<div class=\"pp-post-wrap pp-grid-item-wrap elementor-grid-item post-884 product type-product status-publish has-post-thumbnail hentry\">\n\t\t\t\t\t\t<div class=\"pp-post pp-grid-item\">\n\t\t\t\t\t\t<div class=\"pp-post-thumbnail\">\n\t\t\t<a class=\"pp-post-thumbnail-wrap\" href=\"https:\/\/thalion-benelux.com\/fr\/product\/magnesium-booster-100ml\/\" title=\"Booster Magn\u00e9sium 100ml\">\n\t\t\t\t<img loading=\"lazy\" decoding=\"async\" width=\"523\" height=\"523\" src=\"https:\/\/thalion-benelux.com\/wp-content\/uploads\/Magnesium-Booster-100ml.png\" class=\"attachment-full size-full wp-image-885\" alt=\"\" srcset=\"https:\/\/thalion-benelux.com\/wp-content\/uploads\/Magnesium-Booster-100ml.png 523w, https:\/\/thalion-benelux.com\/wp-content\/uploads\/Magnesium-Booster-100ml-300x300.png 300w, https:\/\/thalion-benelux.com\/wp-content\/uploads\/Magnesium-Booster-100ml-150x150.png 150w, https:\/\/thalion-benelux.com\/wp-content\/uploads\/Magnesium-Booster-100ml-12x12.png 12w\" sizes=\"(max-width: 523px) 100vw, 523px\" \/>\t\t\t<\/a>\n\t\t<\/div>\n\t\t\n\t\t\t\t<div class=\"pp-post-content-wrap\">\n\t\t\t\t\t<div class=\"pp-post-content\">\n\t\t\t\t\t\t\t\t\t\t\t\t<h2 class=\"pp-post-title\">\n\t\t\t\t<a href=\"https:\/\/thalion-benelux.com\/fr\/product\/magnesium-booster-100ml\/\">Booster Magn\u00e9sium 100ml<\/a>\t\t\t<\/h2>\n\t\t\t\t\t\t\t\t<\/div>\n\t\t\t\t\t\t\t\t\t<\/div>\n\n\t\t\t\t\t\t\t<\/div>\n\t\t\t\t\t<\/div>\n\t\t\t\t<div class=\"pp-post-wrap pp-grid-item-wrap elementor-grid-item post-867 product type-product status-publish has-post-thumbnail hentry\">\n\t\t\t\t\t\t<div class=\"pp-post pp-grid-item\">\n\t\t\t\t\t\t<div class=\"pp-post-thumbnail\">\n\t\t\t<a class=\"pp-post-thumbnail-wrap\" href=\"https:\/\/thalion-benelux.com\/fr\/product\/skin-recharge-daily-energy-booster-30ml\/\" title=\"Skin Recharge Daily Energy Booster 30ml\">\n\t\t\t\t<img loading=\"lazy\" decoding=\"async\" width=\"523\" height=\"523\" src=\"https:\/\/thalion-benelux.com\/wp-content\/uploads\/MEN-Skin-Recharge-30ml.png\" class=\"attachment-full size-full wp-image-868\" alt=\"\" srcset=\"https:\/\/thalion-benelux.com\/wp-content\/uploads\/MEN-Skin-Recharge-30ml.png 523w, https:\/\/thalion-benelux.com\/wp-content\/uploads\/MEN-Skin-Recharge-30ml-300x300.png 300w, https:\/\/thalion-benelux.com\/wp-content\/uploads\/MEN-Skin-Recharge-30ml-150x150.png 150w, https:\/\/thalion-benelux.com\/wp-content\/uploads\/MEN-Skin-Recharge-30ml-12x12.png 12w\" sizes=\"(max-width: 523px) 100vw, 523px\" \/>\t\t\t<\/a>\n\t\t<\/div>\n\t\t\n\t\t\t\t<div class=\"pp-post-content-wrap\">\n\t\t\t\t\t<div class=\"pp-post-content\">\n\t\t\t\t\t\t\t\t\t\t\t\t<h2 class=\"pp-post-title\">\n\t\t\t\t<a href=\"https:\/\/thalion-benelux.com\/fr\/product\/skin-recharge-daily-energy-booster-30ml\/\">Skin Recharge Daily Energy Booster 30ml<\/a>\t\t\t<\/h2>\n\t\t\t\t\t\t\t\t<\/div>\n\t\t\t\t\t\t\t\t\t<\/div>\n\n\t\t\t\t\t\t\t<\/div>\n\t\t\t\t\t<\/div>\n\t\t\t\t\t\t\t\t\t<\/div>\n\t\t\t\n\t\t\t\n\t\t\t\n\t\t\t\n\t\t\t\t\t\t\t\t\t\t\t\t<\/div>\n\n\t\t\n\t\t\t\t\t\t<\/div>\n\t\t\t\t<\/div>\n\t\t\t\t\t<\/div>\n\t\t\t\t<\/div>\n\t\t\t\t<\/div>","protected":false},"excerpt":{"rendered":"<p>seaweed skin&#8217;s superfood op zeewier gebaseerde huidverzorging, de natuurlijke manier om je huid te voeden. Undaria Pinnatifida Dat je huid opknapt van een dag aan zee wist je al. De thalion producten zijn gemaakt van allerlei werkzame bestanddelen van zeewier, algen en zeeplanten om je huidconditie te verbeteren. Thalion Algo\u2019lift Ge\u00efnspireerd door de kracht, de [&hellip;]<\/p>\n","protected":false},"author":1,"featured_media":43,"parent":0,"menu_order":0,"comment_status":"closed","ping_status":"closed","template":"","meta":{"inline_featured_image":false,"footnotes":""},"class_list":["post-41","page","type-page","status-publish","has-post-thumbnail","hentry"],"_links":{"self":[{"href":"https:\/\/thalion-benelux.com\/fr\/wp-json\/wp\/v2\/pages\/41","targetHints":{"allow":["GET"]}}],"collection":[{"href":"https:\/\/thalion-benelux.com\/fr\/wp-json\/wp\/v2\/pages"}],"about":[{"href":"https:\/\/thalion-benelux.com\/fr\/wp-json\/wp\/v2\/types\/page"}],"author":[{"embeddable":true,"href":"https:\/\/thalion-benelux.com\/fr\/wp-json\/wp\/v2\/users\/1"}],"replies":[{"embeddable":true,"href":"https:\/\/thalion-benelux.com\/fr\/wp-json\/wp\/v2\/comments?post=41"}],"version-history":[{"count":5,"href":"https:\/\/thalion-benelux.com\/fr\/wp-json\/wp\/v2\/pages\/41\/revisions"}],"predecessor-version":[{"id":1287,"href":"https:\/\/thalion-benelux.com\/fr\/wp-json\/wp\/v2\/pages\/41\/revisions\/1287"}],"wp:featuredmedia":[{"embeddable":true,"href":"https:\/\/thalion-benelux.com\/fr\/wp-json\/wp\/v2\/media\/43"}],"wp:attachment":[{"href":"https:\/\/thalion-benelux.com\/fr\/wp-json\/wp\/v2\/media?parent=41"}],"curies":[{"name":"wp","href":"https:\/\/api.w.org\/{rel}","templated":true}]}}