{"id":626,"date":"2023-03-15T08:38:06","date_gmt":"2023-03-15T08:38:06","guid":{"rendered":"https:\/\/thalion-benelux.com\/?post_type=product&#038;p=626"},"modified":"2023-03-15T08:38:07","modified_gmt":"2023-03-15T08:38:07","slug":"creme-hydratante-essentielle-50ml","status":"publish","type":"product","link":"https:\/\/thalion-benelux.com\/fr\/product\/essential-moisturizing-cream-50ml\/","title":{"rendered":"Essential Moisturizing Cream 50ml"},"content":{"rendered":"<p>Cette cr\u00e8me douce hydrate les peaux s\u00e8ches et applique une couche protectrice. L&#039;ingr\u00e9dient principal est &#039;Thalisource&#039; : un complexe unique d\u00e9velopp\u00e9 par Thalion.<\/p>","protected":false},"featured_media":627,"template":"","categories":[],"class_list":["post-626","product","type-product","status-publish","has-post-thumbnail","hentry"],"_links":{"self":[{"href":"https:\/\/thalion-benelux.com\/fr\/wp-json\/wp\/v2\/product\/626","targetHints":{"allow":["GET"]}}],"collection":[{"href":"https:\/\/thalion-benelux.com\/fr\/wp-json\/wp\/v2\/product"}],"about":[{"href":"https:\/\/thalion-benelux.com\/fr\/wp-json\/wp\/v2\/types\/product"}],"wp:featuredmedia":[{"embeddable":true,"href":"https:\/\/thalion-benelux.com\/fr\/wp-json\/wp\/v2\/media\/627"}],"wp:attachment":[{"href":"https:\/\/thalion-benelux.com\/fr\/wp-json\/wp\/v2\/media?parent=626"}],"wp:term":[{"taxonomy":"category","embeddable":true,"href":"https:\/\/thalion-benelux.com\/fr\/wp-json\/wp\/v2\/categories?post=626"}],"curies":[{"name":"wp","href":"https:\/\/api.w.org\/{rel}","templated":true}]}}