{"id":753,"date":"2023-03-18T14:47:36","date_gmt":"2023-03-18T14:47:36","guid":{"rendered":"https:\/\/thalion-benelux.com\/?post_type=product&#038;p=753"},"modified":"2023-03-20T14:06:08","modified_gmt":"2023-03-20T14:06:08","slug":"touche-finale-perle-de-tiare","status":"publish","type":"product","link":"https:\/\/thalion-benelux.com\/fr\/product\/final-touch-perle-de-tiare\/","title":{"rendered":"Divine Captivating Tiare Scrub"},"content":{"rendered":"<p>Laissez-vous transporter par ce gommage divin aux ingr\u00e9dients d&#039;origine naturelle 100%. Infus\u00e9 d&#039;une essence marine r\u00e9\u00e9quilibrante et d&#039;un extrait huileux nourrissant de fleur de Tiar\u00e9, il adoucit la peau et la pare de notes sensuelles et ensoleill\u00e9es.<\/p>","protected":false},"featured_media":811,"template":"","categories":[],"class_list":["post-753","product","type-product","status-publish","has-post-thumbnail","hentry"],"_links":{"self":[{"href":"https:\/\/thalion-benelux.com\/fr\/wp-json\/wp\/v2\/product\/753","targetHints":{"allow":["GET"]}}],"collection":[{"href":"https:\/\/thalion-benelux.com\/fr\/wp-json\/wp\/v2\/product"}],"about":[{"href":"https:\/\/thalion-benelux.com\/fr\/wp-json\/wp\/v2\/types\/product"}],"wp:featuredmedia":[{"embeddable":true,"href":"https:\/\/thalion-benelux.com\/fr\/wp-json\/wp\/v2\/media\/811"}],"wp:attachment":[{"href":"https:\/\/thalion-benelux.com\/fr\/wp-json\/wp\/v2\/media?parent=753"}],"wp:term":[{"taxonomy":"category","embeddable":true,"href":"https:\/\/thalion-benelux.com\/fr\/wp-json\/wp\/v2\/categories?post=753"}],"curies":[{"name":"wp","href":"https:\/\/api.w.org\/{rel}","templated":true}]}}