{"id":818,"date":"2023-03-20T14:16:21","date_gmt":"2023-03-20T14:16:21","guid":{"rendered":"https:\/\/thalion-benelux.com\/?post_type=product&#038;p=818"},"modified":"2023-03-20T14:26:52","modified_gmt":"2023-03-20T14:26:52","slug":"captivant-tiare-emulsion-exquise-150ml","status":"publish","type":"product","link":"https:\/\/thalion-benelux.com\/fr\/product\/captivating-tiare-exquisite-emulsion-150ml\/","title":{"rendered":"Captivating Tiare \u2013 Exquisite Emulsion 150ml"},"content":{"rendered":"<p>Stimulez vos sens avec cette exquise \u00e9mulsion naturelle 100%. Infus\u00e9 d&#039;une essence marine r\u00e9\u00e9quilibrante et d&#039;un extrait huileux nourrissant de fleur de Tiar\u00e9, il hydrate et prot\u00e8ge la peau. Divinement parfum\u00e9e, la texture voluptueuse et iris\u00e9e enveloppe la peau de notes sensuelles et ensoleill\u00e9es.<\/p>","protected":false},"featured_media":842,"template":"","categories":[],"class_list":["post-818","product","type-product","status-publish","has-post-thumbnail","hentry"],"_links":{"self":[{"href":"https:\/\/thalion-benelux.com\/fr\/wp-json\/wp\/v2\/product\/818","targetHints":{"allow":["GET"]}}],"collection":[{"href":"https:\/\/thalion-benelux.com\/fr\/wp-json\/wp\/v2\/product"}],"about":[{"href":"https:\/\/thalion-benelux.com\/fr\/wp-json\/wp\/v2\/types\/product"}],"wp:featuredmedia":[{"embeddable":true,"href":"https:\/\/thalion-benelux.com\/fr\/wp-json\/wp\/v2\/media\/842"}],"wp:attachment":[{"href":"https:\/\/thalion-benelux.com\/fr\/wp-json\/wp\/v2\/media?parent=818"}],"wp:term":[{"taxonomy":"category","embeddable":true,"href":"https:\/\/thalion-benelux.com\/fr\/wp-json\/wp\/v2\/categories?post=818"}],"curies":[{"name":"wp","href":"https:\/\/api.w.org\/{rel}","templated":true}]}}