{"id":828,"date":"2023-03-20T14:20:36","date_gmt":"2023-03-20T14:20:36","guid":{"rendered":"https:\/\/thalion-benelux.com\/?post_type=product&#038;p=828"},"modified":"2023-03-20T14:20:37","modified_gmt":"2023-03-20T14:20:37","slug":"gommage-divin-petillant-aux-agrumes","status":"publish","type":"product","link":"https:\/\/thalion-benelux.com\/fr\/product\/divine-sparkling-citrus-scrub\/","title":{"rendered":"Divine Sparkling Citrus Scrub"},"content":{"rendered":"<p>Laissez-vous transporter par ce divin gommage aux ingr\u00e9dients d&#039;origine naturelle 100%. Infus\u00e9 d&#039;un noyau marin r\u00e9\u00e9quilibrant et d&#039;un extrait d&#039;huile de figue de barbarie nourrissante, il adoucit la peau et la pare de notes \u00e9clatantes et p\u00e9tillantes.<\/p>","protected":false},"featured_media":832,"template":"","categories":[],"class_list":["post-828","product","type-product","status-publish","has-post-thumbnail","hentry"],"_links":{"self":[{"href":"https:\/\/thalion-benelux.com\/fr\/wp-json\/wp\/v2\/product\/828","targetHints":{"allow":["GET"]}}],"collection":[{"href":"https:\/\/thalion-benelux.com\/fr\/wp-json\/wp\/v2\/product"}],"about":[{"href":"https:\/\/thalion-benelux.com\/fr\/wp-json\/wp\/v2\/types\/product"}],"wp:featuredmedia":[{"embeddable":true,"href":"https:\/\/thalion-benelux.com\/fr\/wp-json\/wp\/v2\/media\/832"}],"wp:attachment":[{"href":"https:\/\/thalion-benelux.com\/fr\/wp-json\/wp\/v2\/media?parent=828"}],"wp:term":[{"taxonomy":"category","embeddable":true,"href":"https:\/\/thalion-benelux.com\/fr\/wp-json\/wp\/v2\/categories?post=828"}],"curies":[{"name":"wp","href":"https:\/\/api.w.org\/{rel}","templated":true}]}}