{"id":884,"date":"2023-03-20T15:20:38","date_gmt":"2023-03-20T15:20:38","guid":{"rendered":"https:\/\/thalion-benelux.com\/?post_type=product&#038;p=884"},"modified":"2023-03-20T15:20:40","modified_gmt":"2023-03-20T15:20:40","slug":"booster-de-magnesium-100ml","status":"publish","type":"product","link":"https:\/\/thalion-benelux.com\/fr\/product\/magnesium-booster-100ml\/","title":{"rendered":"Booster Magn\u00e9sium 100ml"},"content":{"rendered":"<p>Cette brume l\u00e9g\u00e8re est aussi fra\u00eeche qu&#039;une embrun d&#039;eau de mer et un v\u00e9ritable soin tonifiant.<\/p>","protected":false},"featured_media":885,"template":"","categories":[],"class_list":["post-884","product","type-product","status-publish","has-post-thumbnail","hentry"],"_links":{"self":[{"href":"https:\/\/thalion-benelux.com\/fr\/wp-json\/wp\/v2\/product\/884","targetHints":{"allow":["GET"]}}],"collection":[{"href":"https:\/\/thalion-benelux.com\/fr\/wp-json\/wp\/v2\/product"}],"about":[{"href":"https:\/\/thalion-benelux.com\/fr\/wp-json\/wp\/v2\/types\/product"}],"wp:featuredmedia":[{"embeddable":true,"href":"https:\/\/thalion-benelux.com\/fr\/wp-json\/wp\/v2\/media\/885"}],"wp:attachment":[{"href":"https:\/\/thalion-benelux.com\/fr\/wp-json\/wp\/v2\/media?parent=884"}],"wp:term":[{"taxonomy":"category","embeddable":true,"href":"https:\/\/thalion-benelux.com\/fr\/wp-json\/wp\/v2\/categories?post=884"}],"curies":[{"name":"wp","href":"https:\/\/api.w.org\/{rel}","templated":true}]}}